{"id":7025,"date":"2026-03-28T11:52:37","date_gmt":"2026-03-28T10:52:37","guid":{"rendered":"https:\/\/berlinrealities.com\/?page_id=7025"},"modified":"2026-03-28T13:56:33","modified_gmt":"2026-03-28T12:56:33","slug":"trainings-fuer-kooperation-und-zukunftsfaehigkeit","status":"publish","type":"page","link":"https:\/\/berlinrealities.com\/en\/trainings-fuer-kooperation-und-zukunftsfaehigkeit\/","title":{"rendered":"Training for cooperation and future viability"},"content":{"rendered":"<!--themify_builder_content-->\n<div id=\"themify_builder_content-7025\" data-postid=\"7025\" class=\"themify_builder_content themify_builder_content-7025 themify_builder tf_clear\">\n                    <div  data-css_id=\"xip9518\" data-lazy=\"1\" class=\"module_row themify_builder_row fullwidth tb_xip9518 tb_first tf_w\">\n                        <div class=\"row_inner col_align_top tb_col_count_1 tf_box tf_rel\">\n                        <div  data-lazy=\"1\" class=\"module_column tb-column col-full tb_ef7g518 first\">\n                            <\/div>\n                        <\/div>\n        <\/div>\n                        <div  data-lazy=\"1\" class=\"module_row themify_builder_row tb_4zqy188 tf_w\">\n                        <div class=\"row_inner col_align_top tb_col_count_1 tf_box tf_rel\">\n                        <div  data-lazy=\"1\" class=\"module_column tb-column col-full tb_whxn188 first\">\n                            <div  data-lazy=\"1\" class=\"module_subrow themify_builder_sub_row tf_w col_align_top tb_col_count_3 tb_dgdj188\">\n                <div  data-lazy=\"1\" class=\"module_column sub_column col3-1 tb_0ne6188 first\">\n                            <\/div>\n                    <div  data-lazy=\"1\" class=\"module_column sub_column col3-1 tb_omls188\">\n                    <!-- module text -->\n<div  class=\"module module-text tb_yft7188   \" data-lazy=\"1\">\n        <div  class=\"tb_text_wrap\">\n        <h1>Trainings f\u00fcr Kooperation und Zukunftsf\u00e4higkeit<\/h1>    <\/div>\n<\/div>\n<!-- \/module text --><!-- module text -->\n<div  class=\"module module-text tb_apdg188   \" data-lazy=\"1\">\n        <div  class=\"tb_text_wrap\">\n        <p>Wir haben ein neues Trainingsformat entwickelt. KOKOKOZU<\/p>\n<p>KOKOKOZU steht f\u00fcr praktische Trainings, in denen Menschen Kommunikations- und Kooperationsf\u00e4higkeit, einen klaren Umgang mit Komplexit\u00e4t und zentrale Zukunftskompetenzen systematisch entwickeln.<\/p>    <\/div>\n<\/div>\n<!-- \/module text --><!-- module image -->\n<div  class=\"module module-image tb_0mx7891 image-top   tf_mw\" data-lazy=\"1\">\n        <div class=\"image-wrap tf_rel tf_mw\">\n            <a href=\"https:\/\/kokokozu.com\">\n                   <img loading=\"lazy\" decoding=\"async\" width=\"1131\" height=\"1600\" src=\"https:\/\/berlinrealities.com\/wp-content\/uploads\/2026\/03\/kokokozu-pre-opening-01.jpg\" class=\"wp-post-image wp-image-7042\" title=\"kokokozu-pre-opening-01\" alt=\"kokokozu-pre-opening-01\" srcset=\"https:\/\/berlinrealities.com\/wp-content\/uploads\/2026\/03\/kokokozu-pre-opening-01.jpg 1131w, https:\/\/berlinrealities.com\/wp-content\/uploads\/2026\/03\/kokokozu-pre-opening-01-212x300.jpg 212w, https:\/\/berlinrealities.com\/wp-content\/uploads\/2026\/03\/kokokozu-pre-opening-01-724x1024.jpg 724w, https:\/\/berlinrealities.com\/wp-content\/uploads\/2026\/03\/kokokozu-pre-opening-01-768x1086.jpg 768w, https:\/\/berlinrealities.com\/wp-content\/uploads\/2026\/03\/kokokozu-pre-opening-01-1086x1536.jpg 1086w, https:\/\/berlinrealities.com\/wp-content\/uploads\/2026\/03\/kokokozu-pre-opening-01-8x12.jpg 8w\" sizes=\"auto, (max-width: 1131px) 100vw, 1131px\" \/>        <\/a>\n    \n        <\/div>\n    <!-- \/image-wrap -->\n    \n        <\/div>\n<!-- \/module image --><!-- module text -->\n<div  class=\"module module-text tb_lw4p188   \" data-lazy=\"1\">\n        <div  class=\"tb_text_wrap\">\n        <p><a href=\"https:\/\/kokokozu.com\/\" target=\"_blank\" rel=\"noopener\">Es gibt dazu eine eigene Website. Hier.<\/a><\/p>    <\/div>\n<\/div>\n<!-- \/module text -->        <\/div>\n                    <div  data-lazy=\"1\" class=\"module_column sub_column col3-1 tb_e2gw188 last\">\n                            <\/div>\n                    <\/div>\n                <\/div>\n                        <\/div>\n        <\/div>\n                        <div  data-lazy=\"1\" class=\"module_row themify_builder_row tb_j2jt564 tf_w\">\n                        <div class=\"row_inner col_align_top tb_col_count_1 tf_box tf_rel\">\n                        <div  data-lazy=\"1\" class=\"module_column tb-column col-full tb_1v1t656 first\">\n                            <div  data-lazy=\"1\" class=\"module_subrow themify_builder_sub_row tf_w col_align_top tb_col_count_3 tb_po0q005\">\n                <div  data-lazy=\"1\" class=\"module_column sub_column col3-1 tb_fr15566 first\">\n                            <\/div>\n                    <div  data-lazy=\"1\" class=\"module_column sub_column col3-1 tb_wjbh055\">\n                    <!-- module text -->\n<div  class=\"module module-text tb_8unm156   \" data-lazy=\"1\">\n        <div  class=\"tb_text_wrap\">\n        <h2><span class=\"\" data-sd-animate=\"true\">Buchen Sie ein kostenfreies, unverbindliches Beratungsgespr\u00e4ch <\/span><span class=\"\" data-sd-animate=\"true\">im Kalender<\/span><\/h2>    <\/div>\n<\/div>\n<!-- \/module text --><!-- module plain text -->\n<div  class=\"module module-plain-text tb_aji6866 \" data-lazy=\"1\">\n        <div class=\"tb_text_wrap\">\n    \n<script>\n  if (typeof hasAmeliaEntitiesApiCall === 'undefined' && ('' === '' && '' !== '1')) {\n    var hasAmeliaEntitiesApiCall = true;\n  }\n  var ameliaShortcodeData = (typeof ameliaShortcodeData === 'undefined') ? [] : ameliaShortcodeData;\n  ameliaShortcodeData.push(\n    {\n      'hasApiCall': (typeof hasAmeliaEntitiesApiCall !== 'undefined') && hasAmeliaEntitiesApiCall,\n      'trigger': '',\n      'trigger_type': '',\n      'triggered_form': 'sbsNew',\n      'in_dialog': '',\n      'show': '',\n      'counter': '1000',\n      'category': '2',\n      'service': '',\n      'employee': '',\n      'location': '',\n      'package': '',\n      'layout': '',\n    }\n  );\n\n  var ameliaShortcodeDataTriggered = (typeof ameliaShortcodeDataTriggered === 'undefined') ? [] : ameliaShortcodeDataTriggered;\n  if (ameliaShortcodeData[ameliaShortcodeData.length - 1].trigger !== '') {\n    if (ameliaShortcodeDataTriggered.filter(a => a.counter === ameliaShortcodeData[ameliaShortcodeData.length - 1].counter).length === 0) {\n      ameliaShortcodeDataTriggered.push(ameliaShortcodeData.pop());\n    } else {\n      ameliaShortcodeData.pop()\n    }\n  }\n  if (typeof hasAmeliaEntitiesApiCall !== 'undefined' && hasAmeliaEntitiesApiCall) {\n    hasAmeliaEntitiesApiCall = false;\n  }\n<\/script>\n\n<div\n  id=\"amelia-v2-booking-1000\"\n  class=\"amelia-v2-booking\"\n >\n    <step-form-wrapper><\/step-form-wrapper><\/div>\n    <\/div>\n<\/div>\n<!-- \/module plain text --><!-- module text -->\n<div  class=\"module module-text tb_it9o007   \" data-lazy=\"1\">\n        <div  class=\"tb_text_wrap\">\n        <p>Lassen Sie uns gerne 45 Minuten Zeit nehmen. Wir lernen Ihre Ziele und Herausforderungen kennen, Sie erhalten Einblick in unsere Expertise.<\/p>    <\/div>\n<\/div>\n<!-- \/module text -->        <\/div>\n                    <div  data-lazy=\"1\" class=\"module_column sub_column col3-1 tb_8mjl750 last\">\n                            <\/div>\n                    <\/div>\n                <\/div>\n                        <\/div>\n        <\/div>\n                        <div  data-lazy=\"1\" class=\"module_row themify_builder_row tb_462a066 tf_w\">\n                        <div class=\"row_inner col_align_top tb_col_count_1 tf_box tf_rel\">\n                        <div  data-lazy=\"1\" class=\"module_column tb-column col-full tb_z3m3575 first\">\n                            <div  data-lazy=\"1\" class=\"module_subrow themify_builder_sub_row tf_w col_align_top tb_col_count_3 tb_x80b705\">\n                <div  data-lazy=\"1\" class=\"module_column sub_column col3-1 tb_tdyp050 first\">\n                            <\/div>\n                    <div  data-lazy=\"1\" class=\"module_column sub_column col3-1 tb_etfn252\">\n                    <!-- module image -->\n<div  class=\"module module-image tb_ye6j650 image-top   tf_mw\" data-lazy=\"1\">\n        <div class=\"image-wrap tf_rel tf_mw\">\n            <img loading=\"lazy\" decoding=\"async\" src=\"https:\/\/berlinrealities.com\/wp-content\/uploads\/2025\/01\/herz-verstand-180x180.png\" width=\"180\" height=\"180\" class=\"wp-post-image wp-image-6506\" title=\"herz-verstand\" alt=\"herz-verstand\" srcset=\"https:\/\/berlinrealities.com\/wp-content\/uploads\/2025\/01\/herz-verstand-180x180.png 180w, https:\/\/berlinrealities.com\/wp-content\/uploads\/2025\/01\/herz-verstand-300x300.png 300w, https:\/\/berlinrealities.com\/wp-content\/uploads\/2025\/01\/herz-verstand-150x150.png 150w, https:\/\/berlinrealities.com\/wp-content\/uploads\/2025\/01\/herz-verstand-12x12.png 12w, https:\/\/berlinrealities.com\/wp-content\/uploads\/2025\/01\/herz-verstand.png 352w\" sizes=\"auto, (max-width: 180px) 100vw, 180px\" \/>    \n        <\/div>\n    <!-- \/image-wrap -->\n    \n        <\/div>\n<!-- \/module image -->        <\/div>\n                    <div  data-lazy=\"1\" class=\"module_column sub_column col3-1 tb_ahka050 last\">\n                            <\/div>\n                    <\/div>\n                <\/div>\n                        <\/div>\n        <\/div>\n        <\/div>\n<!--\/themify_builder_content-->","protected":false},"excerpt":{"rendered":"<p>Training for cooperation and future viability<\/p>","protected":false},"author":1,"featured_media":0,"parent":0,"menu_order":0,"comment_status":"closed","ping_status":"closed","template":"","meta":{"inline_featured_image":false,"footnotes":""},"class_list":["post-7025","page","type-page","status-publish","hentry","has-post-title","has-post-date","has-post-category","has-post-tag","has-post-comment","has-post-author",""],"yoast_head":"<!-- This site is optimized with the Yoast SEO plugin v27.2 - https:\/\/yoast.com\/product\/yoast-seo-wordpress\/ -->\n<title>Trainings f\u00fcr Kooperation und Zukunftsf\u00e4higkeit &#8211; Berlin Realities<\/title>\n<meta name=\"description\" content=\"It\u2019s tough to be tough \u2013 Wir wollen starke MINT-Frauen, die ihre eigenen Positionen finden und sich in ihren Karrieren behaupten.\" \/>\n<meta name=\"robots\" content=\"index, follow, max-snippet:-1, max-image-preview:large, max-video-preview:-1\" \/>\n<link rel=\"canonical\" href=\"https:\/\/berlinrealities.com\/en\/trainings-fuer-kooperation-und-zukunftsfaehigkeit\/\" \/>\n<meta property=\"og:locale\" content=\"en_GB\" \/>\n<meta property=\"og:type\" content=\"article\" \/>\n<meta property=\"og:title\" content=\"Trainings f\u00fcr Kooperation und Zukunftsf\u00e4higkeit &#8211; Berlin Realities\" \/>\n<meta property=\"og:description\" content=\"It\u2019s tough to be tough \u2013 Wir wollen starke MINT-Frauen, die ihre eigenen Positionen finden und sich in ihren Karrieren behaupten.\" \/>\n<meta property=\"og:url\" content=\"https:\/\/berlinrealities.com\/en\/trainings-fuer-kooperation-und-zukunftsfaehigkeit\/\" \/>\n<meta property=\"og:site_name\" content=\"Berlin Realities\" \/>\n<meta property=\"article:modified_time\" content=\"2026-03-28T12:56:33+00:00\" \/>\n<meta property=\"og:image\" content=\"https:\/\/berlinrealities.com\/wp-content\/uploads\/2026\/03\/kokokozu-pre-opening-01.jpg\" \/>\n<meta name=\"twitter:card\" content=\"summary_large_image\" \/>\n<script type=\"application\/ld+json\" class=\"yoast-schema-graph\">{\"@context\":\"https:\/\/schema.org\",\"@graph\":[{\"@type\":\"WebPage\",\"@id\":\"https:\/\/berlinrealities.com\/trainings-fuer-kooperation-und-zukunftsfaehigkeit\/\",\"url\":\"https:\/\/berlinrealities.com\/trainings-fuer-kooperation-und-zukunftsfaehigkeit\/\",\"name\":\"Trainings f\u00fcr Kooperation und Zukunftsf\u00e4higkeit &#8211; Berlin Realities\",\"isPartOf\":{\"@id\":\"https:\/\/berlinrealities.com\/#website\"},\"primaryImageOfPage\":{\"@id\":\"https:\/\/berlinrealities.com\/trainings-fuer-kooperation-und-zukunftsfaehigkeit\/#primaryimage\"},\"image\":{\"@id\":\"https:\/\/berlinrealities.com\/trainings-fuer-kooperation-und-zukunftsfaehigkeit\/#primaryimage\"},\"thumbnailUrl\":\"https:\/\/berlinrealities.com\/wp-content\/uploads\/2026\/03\/kokokozu-pre-opening-01.jpg\",\"datePublished\":\"2026-03-28T10:52:37+00:00\",\"dateModified\":\"2026-03-28T12:56:33+00:00\",\"description\":\"It\u2019s tough to be tough \u2013 Wir wollen starke MINT-Frauen, die ihre eigenen Positionen finden und sich in ihren Karrieren behaupten.\",\"breadcrumb\":{\"@id\":\"https:\/\/berlinrealities.com\/trainings-fuer-kooperation-und-zukunftsfaehigkeit\/#breadcrumb\"},\"inLanguage\":\"en-GB\",\"potentialAction\":[{\"@type\":\"ReadAction\",\"target\":[\"https:\/\/berlinrealities.com\/trainings-fuer-kooperation-und-zukunftsfaehigkeit\/\"]}]},{\"@type\":\"ImageObject\",\"inLanguage\":\"en-GB\",\"@id\":\"https:\/\/berlinrealities.com\/trainings-fuer-kooperation-und-zukunftsfaehigkeit\/#primaryimage\",\"url\":\"https:\/\/berlinrealities.com\/wp-content\/uploads\/2026\/03\/kokokozu-pre-opening-01.jpg\",\"contentUrl\":\"https:\/\/berlinrealities.com\/wp-content\/uploads\/2026\/03\/kokokozu-pre-opening-01.jpg\"},{\"@type\":\"BreadcrumbList\",\"@id\":\"https:\/\/berlinrealities.com\/trainings-fuer-kooperation-und-zukunftsfaehigkeit\/#breadcrumb\",\"itemListElement\":[{\"@type\":\"ListItem\",\"position\":1,\"name\":\"Startseite\",\"item\":\"https:\/\/berlinrealities.com\/\"},{\"@type\":\"ListItem\",\"position\":2,\"name\":\"Trainings f\u00fcr Kooperation und Zukunftsf\u00e4higkeit\"}]},{\"@type\":\"WebSite\",\"@id\":\"https:\/\/berlinrealities.com\/#website\",\"url\":\"https:\/\/berlinrealities.com\/\",\"name\":\"Berlin Realities\",\"description\":\"XR, Kommunikation, Design\",\"publisher\":{\"@id\":\"https:\/\/berlinrealities.com\/#organization\"},\"potentialAction\":[{\"@type\":\"SearchAction\",\"target\":{\"@type\":\"EntryPoint\",\"urlTemplate\":\"https:\/\/berlinrealities.com\/?s={search_term_string}\"},\"query-input\":{\"@type\":\"PropertyValueSpecification\",\"valueRequired\":true,\"valueName\":\"search_term_string\"}}],\"inLanguage\":\"en-GB\"},{\"@type\":\"Organization\",\"@id\":\"https:\/\/berlinrealities.com\/#organization\",\"name\":\"Berlin Realities GmbH\",\"url\":\"https:\/\/berlinrealities.com\/\",\"logo\":{\"@type\":\"ImageObject\",\"inLanguage\":\"en-GB\",\"@id\":\"https:\/\/berlinrealities.com\/#\/schema\/logo\/image\/\",\"url\":\"https:\/\/berlinrealities.com\/wp-content\/uploads\/2020\/08\/BerlinRealities-Logo.svg\",\"contentUrl\":\"https:\/\/berlinrealities.com\/wp-content\/uploads\/2020\/08\/BerlinRealities-Logo.svg\",\"width\":\"1024\",\"height\":\"1024\",\"caption\":\"Berlin Realities GmbH\"},\"image\":{\"@id\":\"https:\/\/berlinrealities.com\/#\/schema\/logo\/image\/\"}}]}<\/script>\n<!-- \/ Yoast SEO plugin. -->","yoast_head_json":{"title":"Trainings f\u00fcr Kooperation und Zukunftsf\u00e4higkeit &#8211; Berlin Realities","description":"It&#039;s tough to be tough \u2013 We want strong STEM women who find their own positions and assert themselves in their careers.","robots":{"index":"index","follow":"follow","max-snippet":"max-snippet:-1","max-image-preview":"max-image-preview:large","max-video-preview":"max-video-preview:-1"},"canonical":"https:\/\/berlinrealities.com\/en\/trainings-fuer-kooperation-und-zukunftsfaehigkeit\/","og_locale":"en_GB","og_type":"article","og_title":"Trainings f\u00fcr Kooperation und Zukunftsf\u00e4higkeit &#8211; Berlin Realities","og_description":"It\u2019s tough to be tough \u2013 Wir wollen starke MINT-Frauen, die ihre eigenen Positionen finden und sich in ihren Karrieren behaupten.","og_url":"https:\/\/berlinrealities.com\/en\/trainings-fuer-kooperation-und-zukunftsfaehigkeit\/","og_site_name":"Berlin Realities","article_modified_time":"2026-03-28T12:56:33+00:00","og_image":[{"url":"https:\/\/berlinrealities.com\/wp-content\/uploads\/2026\/03\/kokokozu-pre-opening-01.jpg","type":"","width":"","height":""}],"twitter_card":"summary_large_image","schema":{"@context":"https:\/\/schema.org","@graph":[{"@type":"WebPage","@id":"https:\/\/berlinrealities.com\/trainings-fuer-kooperation-und-zukunftsfaehigkeit\/","url":"https:\/\/berlinrealities.com\/trainings-fuer-kooperation-und-zukunftsfaehigkeit\/","name":"Trainings f\u00fcr Kooperation und Zukunftsf\u00e4higkeit &#8211; Berlin Realities","isPartOf":{"@id":"https:\/\/berlinrealities.com\/#website"},"primaryImageOfPage":{"@id":"https:\/\/berlinrealities.com\/trainings-fuer-kooperation-und-zukunftsfaehigkeit\/#primaryimage"},"image":{"@id":"https:\/\/berlinrealities.com\/trainings-fuer-kooperation-und-zukunftsfaehigkeit\/#primaryimage"},"thumbnailUrl":"https:\/\/berlinrealities.com\/wp-content\/uploads\/2026\/03\/kokokozu-pre-opening-01.jpg","datePublished":"2026-03-28T10:52:37+00:00","dateModified":"2026-03-28T12:56:33+00:00","description":"It&#039;s tough to be tough \u2013 We want strong STEM women who find their own positions and assert themselves in their careers.","breadcrumb":{"@id":"https:\/\/berlinrealities.com\/trainings-fuer-kooperation-und-zukunftsfaehigkeit\/#breadcrumb"},"inLanguage":"en-GB","potentialAction":[{"@type":"ReadAction","target":["https:\/\/berlinrealities.com\/trainings-fuer-kooperation-und-zukunftsfaehigkeit\/"]}]},{"@type":"ImageObject","inLanguage":"en-GB","@id":"https:\/\/berlinrealities.com\/trainings-fuer-kooperation-und-zukunftsfaehigkeit\/#primaryimage","url":"https:\/\/berlinrealities.com\/wp-content\/uploads\/2026\/03\/kokokozu-pre-opening-01.jpg","contentUrl":"https:\/\/berlinrealities.com\/wp-content\/uploads\/2026\/03\/kokokozu-pre-opening-01.jpg"},{"@type":"BreadcrumbList","@id":"https:\/\/berlinrealities.com\/trainings-fuer-kooperation-und-zukunftsfaehigkeit\/#breadcrumb","itemListElement":[{"@type":"ListItem","position":1,"name":"Startseite","item":"https:\/\/berlinrealities.com\/"},{"@type":"ListItem","position":2,"name":"Trainings f\u00fcr Kooperation und Zukunftsf\u00e4higkeit"}]},{"@type":"WebSite","@id":"https:\/\/berlinrealities.com\/#website","url":"https:\/\/berlinrealities.com\/","name":"Berlin realities","description":"XR, communication, design","publisher":{"@id":"https:\/\/berlinrealities.com\/#organization"},"potentialAction":[{"@type":"SearchAction","target":{"@type":"EntryPoint","urlTemplate":"https:\/\/berlinrealities.com\/?s={search_term_string}"},"query-input":{"@type":"PropertyValueSpecification","valueRequired":true,"valueName":"search_term_string"}}],"inLanguage":"en-GB"},{"@type":"Organization","@id":"https:\/\/berlinrealities.com\/#organization","name":"Berlin Realities GmbH","url":"https:\/\/berlinrealities.com\/","logo":{"@type":"ImageObject","inLanguage":"en-GB","@id":"https:\/\/berlinrealities.com\/#\/schema\/logo\/image\/","url":"https:\/\/berlinrealities.com\/wp-content\/uploads\/2020\/08\/BerlinRealities-Logo.svg","contentUrl":"https:\/\/berlinrealities.com\/wp-content\/uploads\/2020\/08\/BerlinRealities-Logo.svg","width":"1024","height":"1024","caption":"Berlin Realities GmbH"},"image":{"@id":"https:\/\/berlinrealities.com\/#\/schema\/logo\/image\/"}}]}},"builder_content":"<h1>Trainings f\u00fcr Kooperation und Zukunftsf\u00e4higkeit<\/h1>\n<p>Wir haben ein neues Trainingsformat entwickelt. KOKOKOZU<\/p> <p>KOKOKOZU steht f\u00fcr praktische Trainings, in denen Menschen Kommunikations- und Kooperationsf\u00e4higkeit, einen klaren Umgang mit Komplexit\u00e4t und zentrale Zukunftskompetenzen systematisch entwickeln.<\/p>\n<a href=\"https:\/\/kokokozu.com\"> <img src=\"https:\/\/berlinrealities.com\/wp-content\/uploads\/2026\/03\/kokokozu-pre-opening-01.jpg\" title=\"kokokozu-pre-opening-01\" alt=\"kokokozu-pre-opening-01\" srcset=\"https:\/\/berlinrealities.com\/wp-content\/uploads\/2026\/03\/kokokozu-pre-opening-01.jpg 1131w, https:\/\/berlinrealities.com\/wp-content\/uploads\/2026\/03\/kokokozu-pre-opening-01-212x300.jpg 212w, https:\/\/berlinrealities.com\/wp-content\/uploads\/2026\/03\/kokokozu-pre-opening-01-724x1024.jpg 724w, https:\/\/berlinrealities.com\/wp-content\/uploads\/2026\/03\/kokokozu-pre-opening-01-768x1086.jpg 768w, https:\/\/berlinrealities.com\/wp-content\/uploads\/2026\/03\/kokokozu-pre-opening-01-1086x1536.jpg 1086w, https:\/\/berlinrealities.com\/wp-content\/uploads\/2026\/03\/kokokozu-pre-opening-01-8x12.jpg 8w\" sizes=\"(max-width: 1131px) 100vw, 1131px\" \/> <\/a>\n<p><a href=\"https:\/\/kokokozu.com\/\" target=\"_blank\" rel=\"noopener\">Es gibt dazu eine eigene Website. Hier.<\/a><\/p>\n<h2>Buchen Sie ein kostenfreies, unverbindliches Beratungsgespr\u00e4ch im Kalender<\/h2>\n[ameliastepbooking category=2]\n<p>Lassen Sie uns gerne 45 Minuten Zeit nehmen. Wir lernen Ihre Ziele und Herausforderungen kennen, Sie erhalten Einblick in unsere Expertise.<\/p>\n<img src=\"https:\/\/berlinrealities.com\/wp-content\/uploads\/2025\/01\/herz-verstand-180x180.png\" width=\"180\" height=\"180\" title=\"herz-verstand\" alt=\"herz-verstand\" srcset=\"https:\/\/berlinrealities.com\/wp-content\/uploads\/2025\/01\/herz-verstand-180x180.png 180w, https:\/\/berlinrealities.com\/wp-content\/uploads\/2025\/01\/herz-verstand-300x300.png 300w, https:\/\/berlinrealities.com\/wp-content\/uploads\/2025\/01\/herz-verstand-150x150.png 150w, https:\/\/berlinrealities.com\/wp-content\/uploads\/2025\/01\/herz-verstand-12x12.png 12w, https:\/\/berlinrealities.com\/wp-content\/uploads\/2025\/01\/herz-verstand.png 352w\" sizes=\"(max-width: 180px) 100vw, 180px\" \/>","_links":{"self":[{"href":"https:\/\/berlinrealities.com\/en\/wp-json\/wp\/v2\/pages\/7025","targetHints":{"allow":["GET"]}}],"collection":[{"href":"https:\/\/berlinrealities.com\/en\/wp-json\/wp\/v2\/pages"}],"about":[{"href":"https:\/\/berlinrealities.com\/en\/wp-json\/wp\/v2\/types\/page"}],"author":[{"embeddable":true,"href":"https:\/\/berlinrealities.com\/en\/wp-json\/wp\/v2\/users\/1"}],"replies":[{"embeddable":true,"href":"https:\/\/berlinrealities.com\/en\/wp-json\/wp\/v2\/comments?post=7025"}],"version-history":[{"count":30,"href":"https:\/\/berlinrealities.com\/en\/wp-json\/wp\/v2\/pages\/7025\/revisions"}],"predecessor-version":[{"id":7065,"href":"https:\/\/berlinrealities.com\/en\/wp-json\/wp\/v2\/pages\/7025\/revisions\/7065"}],"wp:attachment":[{"href":"https:\/\/berlinrealities.com\/en\/wp-json\/wp\/v2\/media?parent=7025"}],"curies":[{"name":"wp","href":"https:\/\/api.w.org\/{rel}","templated":true}]}}